{"id":3146,"date":"2015-06-04T22:10:56","date_gmt":"2015-06-04T12:10:56","guid":{"rendered":"https:\/\/www.mercz.xyz\/?post_type=product&#038;p=3146"},"modified":"2018-05-12T16:18:22","modified_gmt":"2018-05-12T14:18:22","slug":"spring-in-killesberg-park","status":"publish","type":"product","link":"https:\/\/www.mercz.xyz\/en\/gallery\/stuttgart\/ui\/spring-in-killesberg-park\/","title":{"rendered":"Spring In Killesberg Park"},"content":{"rendered":"<p>Fr\u00fchlingsblumen im Killesberg Park. Ein Mann geht durch den Killesbergpark in Stuttgart, durch die roten und gelben Fr\u00fchlingstulpen und die Glockenblumen, die gegen das gr\u00fcne Gras und die B\u00e4ume kontrastiert werden, die durch Fr\u00fchling wieder zum Leben erweckt werden.<\/p>\n<p>The fine art print on premium photo paper is laminated from behind to a 4 mm thick acrylic glass plate. Our pictures are available in 4 sizes.<\/p>\n<p><!--more-->For unframed images, we recommend an <a href=\"https:\/\/www.mercz.xyz\/gallery\/uncategorised\/ui\/aluminium-suspension-system-aluminium-aufhangesystem\/\">Aluminium suspension System <\/a>.<\/p>\n<p><!--more--> We find acrylic glass improves our photos, but we will gladly provide on request the prices and sizes for other materials (such as canvas)<\/p>","protected":false},"excerpt":{"rendered":"<p>Fr\u00fchlingsblumen im Killesberg Park.<\/p>\n<p><strong>Please click on magnifying glass to view full image.<br \/>\n<\/strong><\/p>","protected":false},"featured_media":3028,"comment_status":"closed","ping_status":"closed","template":"","meta":{"jetpack_publicize_message":"","jetpack_publicize_feature_enabled":true,"jetpack_social_post_already_shared":true,"jetpack_social_options":{"image_generator_settings":{"template":"highway","default_image_id":0,"font":"","enabled":false},"version":2}},"product_brand":[],"product_cat":[15],"product_tag":[465,126,495,418,497,514,70,460,83,502,478,46,522],"class_list":{"0":"post-3146","1":"product","2":"type-product","3":"status-publish","4":"has-post-thumbnail","6":"product_cat-stuttgart","7":"product_tag-baeume","8":"product_tag-bluebells","9":"product_tag-blumen","10":"product_tag-fotografie","11":"product_tag-fruehling","12":"product_tag-gelb","13":"product_tag-george-mercz","14":"product_tag-gruen","15":"product_tag-killesberg-park","16":"product_tag-mann","17":"product_tag-rot","18":"product_tag-stuttgart","19":"product_tag-tulpen","20":"product_shipping_class-shipping","22":"first","23":"instock","24":"taxable","25":"shipping-taxable","26":"purchasable","27":"product-type-variable"},"yoast_head":"<!-- This site is optimized with the Yoast SEO plugin v27.6 - https:\/\/yoast.com\/product\/yoast-seo-wordpress\/ -->\n<title>Spring In Killesberg Park | George Mercz Fotografie<\/title>\n<meta name=\"description\" content=\"Fr\u00fchlingsblumen im Killesberg Park. Ein Mann geht durch den Killesbergpark in Stuttgart, durch die roten und gelben Fr\u00fchlingstulpen und die Glockenblumen, die gegen das gr\u00fcne Gras und die B\u00e4ume kontrastiert werden, die durch Fr\u00fchling wieder zum Leben erweckt werden.\" \/>\n<meta name=\"robots\" content=\"index, follow, max-snippet:-1, max-image-preview:large, max-video-preview:-1\" \/>\n<link rel=\"canonical\" href=\"https:\/\/www.mercz.xyz\/en\/gallery\/stuttgart\/ui\/spring-in-killesberg-park\/\" \/>\n<meta property=\"og:locale\" content=\"en_GB\" \/>\n<meta property=\"og:type\" content=\"article\" \/>\n<meta property=\"og:title\" content=\"Spring In Killesberg Park | George Mercz Fotografie\" \/>\n<meta property=\"og:description\" content=\"Fr\u00fchlingsblumen im Killesberg Park. Ein Mann geht durch den Killesbergpark in Stuttgart, durch die roten und gelben Fr\u00fchlingstulpen und die Glockenblumen, die gegen das gr\u00fcne Gras und die B\u00e4ume kontrastiert werden, die durch Fr\u00fchling wieder zum Leben erweckt werden.\" \/>\n<meta property=\"og:url\" content=\"https:\/\/www.mercz.xyz\/en\/gallery\/stuttgart\/ui\/spring-in-killesberg-park\/\" \/>\n<meta property=\"og:site_name\" content=\"Mercz.Berlin\" \/>\n<meta property=\"article:publisher\" content=\"https:\/\/www.facebook.com\/gm321.xyz\" \/>\n<meta property=\"article:modified_time\" content=\"2018-05-12T14:18:22+00:00\" \/>\n<meta property=\"og:image\" content=\"https:\/\/i2.wp.com\/www.mercz.xyz\/wp-content\/uploads\/2015\/05\/P1020070.jpg?fit=1228%2C921&ssl=1\" \/>\n\t<meta property=\"og:image:width\" content=\"1228\" \/>\n\t<meta property=\"og:image:height\" content=\"921\" \/>\n\t<meta property=\"og:image:type\" content=\"image\/jpeg\" \/>\n<meta name=\"twitter:label1\" content=\"Est. reading time\" \/>\n\t<meta name=\"twitter:data1\" content=\"1 minute\" \/>\n<script type=\"application\/ld+json\" class=\"yoast-schema-graph\">{\"@context\":\"https:\\\/\\\/schema.org\",\"@graph\":[{\"@type\":\"WebPage\",\"@id\":\"https:\\\/\\\/www.mercz.xyz\\\/gallery\\\/stuttgart\\\/ui\\\/spring-in-killesberg-park\\\/\",\"url\":\"https:\\\/\\\/www.mercz.xyz\\\/gallery\\\/stuttgart\\\/ui\\\/spring-in-killesberg-park\\\/\",\"name\":\"Spring In Killesberg Park | George Mercz Fotografie\",\"isPartOf\":{\"@id\":\"https:\\\/\\\/www.mercz.xyz\\\/#website\"},\"primaryImageOfPage\":{\"@id\":\"https:\\\/\\\/www.mercz.xyz\\\/gallery\\\/stuttgart\\\/ui\\\/spring-in-killesberg-park\\\/#primaryimage\"},\"image\":{\"@id\":\"https:\\\/\\\/www.mercz.xyz\\\/gallery\\\/stuttgart\\\/ui\\\/spring-in-killesberg-park\\\/#primaryimage\"},\"thumbnailUrl\":\"https:\\\/\\\/i0.wp.com\\\/www.mercz.xyz\\\/wp-content\\\/uploads\\\/2015\\\/05\\\/P1020070.jpg?fit=1228%2C921&ssl=1\",\"datePublished\":\"2015-06-04T12:10:56+00:00\",\"dateModified\":\"2018-05-12T14:18:22+00:00\",\"description\":\"Fr\u00fchlingsblumen im Killesberg Park. Ein Mann geht durch den Killesbergpark in Stuttgart, durch die roten und gelben Fr\u00fchlingstulpen und die Glockenblumen, die gegen das gr\u00fcne Gras und die B\u00e4ume kontrastiert werden, die durch Fr\u00fchling wieder zum Leben erweckt werden.\",\"breadcrumb\":{\"@id\":\"https:\\\/\\\/www.mercz.xyz\\\/gallery\\\/stuttgart\\\/ui\\\/spring-in-killesberg-park\\\/#breadcrumb\"},\"inLanguage\":\"en-GB\",\"potentialAction\":[{\"@type\":\"ReadAction\",\"target\":[\"https:\\\/\\\/www.mercz.xyz\\\/gallery\\\/stuttgart\\\/ui\\\/spring-in-killesberg-park\\\/\"]}]},{\"@type\":\"ImageObject\",\"inLanguage\":\"en-GB\",\"@id\":\"https:\\\/\\\/www.mercz.xyz\\\/gallery\\\/stuttgart\\\/ui\\\/spring-in-killesberg-park\\\/#primaryimage\",\"url\":\"https:\\\/\\\/i0.wp.com\\\/www.mercz.xyz\\\/wp-content\\\/uploads\\\/2015\\\/05\\\/P1020070.jpg?fit=1228%2C921&ssl=1\",\"contentUrl\":\"https:\\\/\\\/i0.wp.com\\\/www.mercz.xyz\\\/wp-content\\\/uploads\\\/2015\\\/05\\\/P1020070.jpg?fit=1228%2C921&ssl=1\",\"width\":1228,\"height\":921,\"caption\":\"Green trees and Spring flowers like tulips and bluebells, in Killesberg Park in the city of Stuttgart, Germany. A beautiful floral garden photograph.\"},{\"@type\":\"BreadcrumbList\",\"@id\":\"https:\\\/\\\/www.mercz.xyz\\\/gallery\\\/stuttgart\\\/ui\\\/spring-in-killesberg-park\\\/#breadcrumb\",\"itemListElement\":[{\"@type\":\"ListItem\",\"position\":1,\"name\":\"Home\",\"item\":\"https:\\\/\\\/www.mercz.xyz\\\/\"},{\"@type\":\"ListItem\",\"position\":2,\"name\":\"Kategorie ausw\u00e4hlen\",\"item\":\"https:\\\/\\\/www.mercz.xyz\\\/george-mercz-photography-galerie\\\/\"},{\"@type\":\"ListItem\",\"position\":3,\"name\":\"Spring In Killesberg Park\"}]},{\"@type\":\"WebSite\",\"@id\":\"https:\\\/\\\/www.mercz.xyz\\\/#website\",\"url\":\"https:\\\/\\\/www.mercz.xyz\\\/\",\"name\":\"Mercz.Berlin\",\"description\":\"George Mercz Fotografie\",\"potentialAction\":[{\"@type\":\"SearchAction\",\"target\":{\"@type\":\"EntryPoint\",\"urlTemplate\":\"https:\\\/\\\/www.mercz.xyz\\\/?s={search_term_string}\"},\"query-input\":{\"@type\":\"PropertyValueSpecification\",\"valueRequired\":true,\"valueName\":\"search_term_string\"}}],\"inLanguage\":\"en-GB\"}]}<\/script>\n<!-- \/ Yoast SEO plugin. -->","yoast_head_json":{"title":"Spring In Killesberg Park | George Mercz Fotografie","description":"Fr\u00fchlingsblumen im Killesberg Park. Ein Mann geht durch den Killesbergpark in Stuttgart, durch die roten und gelben Fr\u00fchlingstulpen und die Glockenblumen, die gegen das gr\u00fcne Gras und die B\u00e4ume kontrastiert werden, die durch Fr\u00fchling wieder zum Leben erweckt werden.","robots":{"index":"index","follow":"follow","max-snippet":"max-snippet:-1","max-image-preview":"max-image-preview:large","max-video-preview":"max-video-preview:-1"},"canonical":"https:\/\/www.mercz.xyz\/en\/gallery\/stuttgart\/ui\/spring-in-killesberg-park\/","og_locale":"en_GB","og_type":"article","og_title":"Spring In Killesberg Park | George Mercz Fotografie","og_description":"Fr\u00fchlingsblumen im Killesberg Park. Ein Mann geht durch den Killesbergpark in Stuttgart, durch die roten und gelben Fr\u00fchlingstulpen und die Glockenblumen, die gegen das gr\u00fcne Gras und die B\u00e4ume kontrastiert werden, die durch Fr\u00fchling wieder zum Leben erweckt werden.","og_url":"https:\/\/www.mercz.xyz\/en\/gallery\/stuttgart\/ui\/spring-in-killesberg-park\/","og_site_name":"Mercz.Berlin","article_publisher":"https:\/\/www.facebook.com\/gm321.xyz","article_modified_time":"2018-05-12T14:18:22+00:00","og_image":[{"width":1228,"height":921,"url":"https:\/\/i2.wp.com\/www.mercz.xyz\/wp-content\/uploads\/2015\/05\/P1020070.jpg?fit=1228%2C921&ssl=1","type":"image\/jpeg"}],"twitter_misc":{"Est. reading time":"1 minute"},"schema":{"@context":"https:\/\/schema.org","@graph":[{"@type":"WebPage","@id":"https:\/\/www.mercz.xyz\/gallery\/stuttgart\/ui\/spring-in-killesberg-park\/","url":"https:\/\/www.mercz.xyz\/gallery\/stuttgart\/ui\/spring-in-killesberg-park\/","name":"Spring In Killesberg Park | George Mercz Fotografie","isPartOf":{"@id":"https:\/\/www.mercz.xyz\/#website"},"primaryImageOfPage":{"@id":"https:\/\/www.mercz.xyz\/gallery\/stuttgart\/ui\/spring-in-killesberg-park\/#primaryimage"},"image":{"@id":"https:\/\/www.mercz.xyz\/gallery\/stuttgart\/ui\/spring-in-killesberg-park\/#primaryimage"},"thumbnailUrl":"https:\/\/i0.wp.com\/www.mercz.xyz\/wp-content\/uploads\/2015\/05\/P1020070.jpg?fit=1228%2C921&ssl=1","datePublished":"2015-06-04T12:10:56+00:00","dateModified":"2018-05-12T14:18:22+00:00","description":"Fr\u00fchlingsblumen im Killesberg Park. Ein Mann geht durch den Killesbergpark in Stuttgart, durch die roten und gelben Fr\u00fchlingstulpen und die Glockenblumen, die gegen das gr\u00fcne Gras und die B\u00e4ume kontrastiert werden, die durch Fr\u00fchling wieder zum Leben erweckt werden.","breadcrumb":{"@id":"https:\/\/www.mercz.xyz\/gallery\/stuttgart\/ui\/spring-in-killesberg-park\/#breadcrumb"},"inLanguage":"en-GB","potentialAction":[{"@type":"ReadAction","target":["https:\/\/www.mercz.xyz\/gallery\/stuttgart\/ui\/spring-in-killesberg-park\/"]}]},{"@type":"ImageObject","inLanguage":"en-GB","@id":"https:\/\/www.mercz.xyz\/gallery\/stuttgart\/ui\/spring-in-killesberg-park\/#primaryimage","url":"https:\/\/i0.wp.com\/www.mercz.xyz\/wp-content\/uploads\/2015\/05\/P1020070.jpg?fit=1228%2C921&ssl=1","contentUrl":"https:\/\/i0.wp.com\/www.mercz.xyz\/wp-content\/uploads\/2015\/05\/P1020070.jpg?fit=1228%2C921&ssl=1","width":1228,"height":921,"caption":"Green trees and Spring flowers like tulips and bluebells, in Killesberg Park in the city of Stuttgart, Germany. A beautiful floral garden photograph."},{"@type":"BreadcrumbList","@id":"https:\/\/www.mercz.xyz\/gallery\/stuttgart\/ui\/spring-in-killesberg-park\/#breadcrumb","itemListElement":[{"@type":"ListItem","position":1,"name":"Home","item":"https:\/\/www.mercz.xyz\/"},{"@type":"ListItem","position":2,"name":"Kategorie ausw\u00e4hlen","item":"https:\/\/www.mercz.xyz\/george-mercz-photography-galerie\/"},{"@type":"ListItem","position":3,"name":"Spring In Killesberg Park"}]},{"@type":"WebSite","@id":"https:\/\/www.mercz.xyz\/#website","url":"https:\/\/www.mercz.xyz\/","name":"Mercz.Berlin","description":"George Mercz Photography","potentialAction":[{"@type":"SearchAction","target":{"@type":"EntryPoint","urlTemplate":"https:\/\/www.mercz.xyz\/?s={search_term_string}"},"query-input":{"@type":"PropertyValueSpecification","valueRequired":true,"valueName":"search_term_string"}}],"inLanguage":"en-GB"}]}},"jetpack_publicize_connections":[],"jetpack_sharing_enabled":true,"jetpack-related-posts":[],"_links":{"self":[{"href":"https:\/\/www.mercz.xyz\/en\/wp-json\/wp\/v2\/product\/3146","targetHints":{"allow":["GET"]}}],"collection":[{"href":"https:\/\/www.mercz.xyz\/en\/wp-json\/wp\/v2\/product"}],"about":[{"href":"https:\/\/www.mercz.xyz\/en\/wp-json\/wp\/v2\/types\/product"}],"replies":[{"embeddable":true,"href":"https:\/\/www.mercz.xyz\/en\/wp-json\/wp\/v2\/comments?post=3146"}],"wp:featuredmedia":[{"embeddable":true,"href":"https:\/\/www.mercz.xyz\/en\/wp-json\/wp\/v2\/media\/3028"}],"wp:attachment":[{"href":"https:\/\/www.mercz.xyz\/en\/wp-json\/wp\/v2\/media?parent=3146"}],"wp:term":[{"taxonomy":"product_brand","embeddable":true,"href":"https:\/\/www.mercz.xyz\/en\/wp-json\/wp\/v2\/product_brand?post=3146"},{"taxonomy":"product_cat","embeddable":true,"href":"https:\/\/www.mercz.xyz\/en\/wp-json\/wp\/v2\/product_cat?post=3146"},{"taxonomy":"product_tag","embeddable":true,"href":"https:\/\/www.mercz.xyz\/en\/wp-json\/wp\/v2\/product_tag?post=3146"}],"curies":[{"name":"wp","href":"https:\/\/api.w.org\/{rel}","templated":true}]}}