{"id":3129,"date":"2015-06-04T20:38:47","date_gmt":"2015-06-04T10:38:47","guid":{"rendered":"https:\/\/www.mercz.xyz\/?post_type=product&#038;p=3129"},"modified":"2018-05-12T15:52:35","modified_gmt":"2018-05-12T13:52:35","slug":"killesberg-park-in-springtime","status":"publish","type":"product","link":"https:\/\/www.mercz.xyz\/en\/gallery\/stuttgart\/ui\/killesberg-park-in-springtime\/","title":{"rendered":"Killesberg Park In Springtime"},"content":{"rendered":"<p>Ein Foto von Killesberg Park im Fr\u00fchling. Es ist Fr\u00fchling in der Stadt Stuttgart, die Blumen bl\u00fchen, das Gras und die B\u00e4ume sind lebendig und gr\u00fcn und das Wasser k\u00fchlt und beruhigt.<\/p>\n<p>The fine art print on premium photo paper is laminated from behind to a 4 mm thick acrylic glass plate. Our pictures are available in 4 sizes.<\/p>\n<p><!--more-->For unframed images, we recommend an <a href=\"https:\/\/www.mercz.xyz\/gallery\/uncategorised\/ui\/aluminium-suspension-system-aluminium-aufhangesystem\/\">Aluminium suspension System <\/a>.<\/p>\n<p><!--more--> Wir finden, Acryl Glas verbessert unsere Fotos, gerne nennen wir Ihnen auf Anfrage die Preise und Gr\u00f6\u00dfen f\u00fcr andere Materialien (wie zB Leinwand)n.<\/p>","protected":false},"excerpt":{"rendered":"<p>Ein Foto von Killesberg Park im Fr\u00fchling. Es ist Fr\u00fchling in der Stadt Stuttgart, die Blumen bl\u00fchen, das Gras und die B\u00e4ume sind lebendig und gr\u00fcn und das Wasser k\u00fchlt und beruhigt.<\/p>\n<p><strong>Please click on magnifying glass to view full image.<br \/>\n<\/strong><\/p>","protected":false},"featured_media":3032,"comment_status":"closed","ping_status":"closed","template":"","meta":{"jetpack_publicize_message":"","jetpack_publicize_feature_enabled":true,"jetpack_social_post_already_shared":true,"jetpack_social_options":{"image_generator_settings":{"template":"highway","default_image_id":0,"font":"","enabled":false},"version":2}},"product_brand":[],"product_cat":[15],"product_tag":[465,495,496,486,406,497,70,459,460,312,482,462,62,424,46],"class_list":{"0":"post-3129","1":"product","2":"type-product","3":"status-publish","4":"has-post-thumbnail","6":"product_cat-stuttgart","7":"product_tag-baeume","8":"product_tag-blumen","9":"product_tag-brunnen","10":"product_tag-drucken","11":"product_tag-foto","12":"product_tag-fruehling","13":"product_tag-george-mercz","14":"product_tag-gras","15":"product_tag-gruen","16":"product_tag-killesberg","17":"product_tag-kunstwerk","18":"product_tag-landschaft","19":"product_tag-park","20":"product_tag-stadt","21":"product_tag-stuttgart","22":"product_shipping_class-shipping","24":"first","25":"instock","26":"taxable","27":"shipping-taxable","28":"purchasable","29":"product-type-variable"},"yoast_head":"<!-- This site is optimized with the Yoast SEO plugin v27.5 - https:\/\/yoast.com\/product\/yoast-seo-wordpress\/ -->\n<title>Killesberg Park In Springtime | George Mercz Fotografie<\/title>\n<meta name=\"description\" content=\"Ein Foto von Killesberg Park im Fr\u00fchling. Es ist Fr\u00fchling in der Stadt Stuttgart, die Blumen bl\u00fchen, das Gras und die B\u00e4ume sind lebendig und gr\u00fcn und das Wasser k\u00fchlt und beruhigt.\" \/>\n<meta name=\"robots\" content=\"index, follow, max-snippet:-1, max-image-preview:large, max-video-preview:-1\" \/>\n<link rel=\"canonical\" href=\"https:\/\/www.mercz.xyz\/en\/gallery\/stuttgart\/ui\/killesberg-park-in-springtime\/\" \/>\n<meta property=\"og:locale\" content=\"en_GB\" \/>\n<meta property=\"og:type\" content=\"article\" \/>\n<meta property=\"og:title\" content=\"Killesberg Park In Springtime | George Mercz Fotografie\" \/>\n<meta property=\"og:description\" content=\"Ein Foto von Killesberg Park im Fr\u00fchling. Es ist Fr\u00fchling in der Stadt Stuttgart, die Blumen bl\u00fchen, das Gras und die B\u00e4ume sind lebendig und gr\u00fcn und das Wasser k\u00fchlt und beruhigt.\" \/>\n<meta property=\"og:url\" content=\"https:\/\/www.mercz.xyz\/en\/gallery\/stuttgart\/ui\/killesberg-park-in-springtime\/\" \/>\n<meta property=\"og:site_name\" content=\"Mercz.Berlin\" \/>\n<meta property=\"article:publisher\" content=\"https:\/\/www.facebook.com\/gm321.xyz\" \/>\n<meta property=\"article:modified_time\" content=\"2018-05-12T13:52:35+00:00\" \/>\n<meta property=\"og:image\" content=\"https:\/\/i0.wp.com\/www.mercz.xyz\/wp-content\/uploads\/2015\/05\/P1020110.jpg?fit=1228%2C921&ssl=1\" \/>\n\t<meta property=\"og:image:width\" content=\"1228\" \/>\n\t<meta property=\"og:image:height\" content=\"921\" \/>\n\t<meta property=\"og:image:type\" content=\"image\/jpeg\" \/>\n<script type=\"application\/ld+json\" class=\"yoast-schema-graph\">{\"@context\":\"https:\\\/\\\/schema.org\",\"@graph\":[{\"@type\":\"WebPage\",\"@id\":\"https:\\\/\\\/www.mercz.xyz\\\/gallery\\\/stuttgart\\\/ui\\\/killesberg-park-in-springtime\\\/\",\"url\":\"https:\\\/\\\/www.mercz.xyz\\\/gallery\\\/stuttgart\\\/ui\\\/killesberg-park-in-springtime\\\/\",\"name\":\"Killesberg Park In Springtime | George Mercz Fotografie\",\"isPartOf\":{\"@id\":\"https:\\\/\\\/www.mercz.xyz\\\/#website\"},\"primaryImageOfPage\":{\"@id\":\"https:\\\/\\\/www.mercz.xyz\\\/gallery\\\/stuttgart\\\/ui\\\/killesberg-park-in-springtime\\\/#primaryimage\"},\"image\":{\"@id\":\"https:\\\/\\\/www.mercz.xyz\\\/gallery\\\/stuttgart\\\/ui\\\/killesberg-park-in-springtime\\\/#primaryimage\"},\"thumbnailUrl\":\"https:\\\/\\\/i0.wp.com\\\/www.mercz.xyz\\\/wp-content\\\/uploads\\\/2015\\\/05\\\/P1020110.jpg?fit=1228%2C921&ssl=1\",\"datePublished\":\"2015-06-04T10:38:47+00:00\",\"dateModified\":\"2018-05-12T13:52:35+00:00\",\"description\":\"Ein Foto von Killesberg Park im Fr\u00fchling. Es ist Fr\u00fchling in der Stadt Stuttgart, die Blumen bl\u00fchen, das Gras und die B\u00e4ume sind lebendig und gr\u00fcn und das Wasser k\u00fchlt und beruhigt.\",\"breadcrumb\":{\"@id\":\"https:\\\/\\\/www.mercz.xyz\\\/gallery\\\/stuttgart\\\/ui\\\/killesberg-park-in-springtime\\\/#breadcrumb\"},\"inLanguage\":\"en-GB\",\"potentialAction\":[{\"@type\":\"ReadAction\",\"target\":[\"https:\\\/\\\/www.mercz.xyz\\\/gallery\\\/stuttgart\\\/ui\\\/killesberg-park-in-springtime\\\/\"]}]},{\"@type\":\"ImageObject\",\"inLanguage\":\"en-GB\",\"@id\":\"https:\\\/\\\/www.mercz.xyz\\\/gallery\\\/stuttgart\\\/ui\\\/killesberg-park-in-springtime\\\/#primaryimage\",\"url\":\"https:\\\/\\\/i0.wp.com\\\/www.mercz.xyz\\\/wp-content\\\/uploads\\\/2015\\\/05\\\/P1020110.jpg?fit=1228%2C921&ssl=1\",\"contentUrl\":\"https:\\\/\\\/i0.wp.com\\\/www.mercz.xyz\\\/wp-content\\\/uploads\\\/2015\\\/05\\\/P1020110.jpg?fit=1228%2C921&ssl=1\",\"width\":1228,\"height\":921,\"caption\":\"Killesberg Park Flowers\"},{\"@type\":\"BreadcrumbList\",\"@id\":\"https:\\\/\\\/www.mercz.xyz\\\/gallery\\\/stuttgart\\\/ui\\\/killesberg-park-in-springtime\\\/#breadcrumb\",\"itemListElement\":[{\"@type\":\"ListItem\",\"position\":1,\"name\":\"Home\",\"item\":\"https:\\\/\\\/www.mercz.xyz\\\/\"},{\"@type\":\"ListItem\",\"position\":2,\"name\":\"Kategorie ausw\u00e4hlen\",\"item\":\"https:\\\/\\\/www.mercz.xyz\\\/george-mercz-photography-galerie\\\/\"},{\"@type\":\"ListItem\",\"position\":3,\"name\":\"Killesberg Park In Springtime\"}]},{\"@type\":\"WebSite\",\"@id\":\"https:\\\/\\\/www.mercz.xyz\\\/#website\",\"url\":\"https:\\\/\\\/www.mercz.xyz\\\/\",\"name\":\"Mercz.Berlin\",\"description\":\"George Mercz Fotografie\",\"potentialAction\":[{\"@type\":\"SearchAction\",\"target\":{\"@type\":\"EntryPoint\",\"urlTemplate\":\"https:\\\/\\\/www.mercz.xyz\\\/?s={search_term_string}\"},\"query-input\":{\"@type\":\"PropertyValueSpecification\",\"valueRequired\":true,\"valueName\":\"search_term_string\"}}],\"inLanguage\":\"en-GB\"}]}<\/script>\n<!-- \/ Yoast SEO plugin. -->","yoast_head_json":{"title":"Killesberg Park In Springtime | George Mercz Fotografie","description":"Ein Foto von Killesberg Park im Fr\u00fchling. Es ist Fr\u00fchling in der Stadt Stuttgart, die Blumen bl\u00fchen, das Gras und die B\u00e4ume sind lebendig und gr\u00fcn und das Wasser k\u00fchlt und beruhigt.","robots":{"index":"index","follow":"follow","max-snippet":"max-snippet:-1","max-image-preview":"max-image-preview:large","max-video-preview":"max-video-preview:-1"},"canonical":"https:\/\/www.mercz.xyz\/en\/gallery\/stuttgart\/ui\/killesberg-park-in-springtime\/","og_locale":"en_GB","og_type":"article","og_title":"Killesberg Park In Springtime | George Mercz Fotografie","og_description":"Ein Foto von Killesberg Park im Fr\u00fchling. Es ist Fr\u00fchling in der Stadt Stuttgart, die Blumen bl\u00fchen, das Gras und die B\u00e4ume sind lebendig und gr\u00fcn und das Wasser k\u00fchlt und beruhigt.","og_url":"https:\/\/www.mercz.xyz\/en\/gallery\/stuttgart\/ui\/killesberg-park-in-springtime\/","og_site_name":"Mercz.Berlin","article_publisher":"https:\/\/www.facebook.com\/gm321.xyz","article_modified_time":"2018-05-12T13:52:35+00:00","og_image":[{"width":1228,"height":921,"url":"https:\/\/i0.wp.com\/www.mercz.xyz\/wp-content\/uploads\/2015\/05\/P1020110.jpg?fit=1228%2C921&ssl=1","type":"image\/jpeg"}],"schema":{"@context":"https:\/\/schema.org","@graph":[{"@type":"WebPage","@id":"https:\/\/www.mercz.xyz\/gallery\/stuttgart\/ui\/killesberg-park-in-springtime\/","url":"https:\/\/www.mercz.xyz\/gallery\/stuttgart\/ui\/killesberg-park-in-springtime\/","name":"Killesberg Park In Springtime | George Mercz Fotografie","isPartOf":{"@id":"https:\/\/www.mercz.xyz\/#website"},"primaryImageOfPage":{"@id":"https:\/\/www.mercz.xyz\/gallery\/stuttgart\/ui\/killesberg-park-in-springtime\/#primaryimage"},"image":{"@id":"https:\/\/www.mercz.xyz\/gallery\/stuttgart\/ui\/killesberg-park-in-springtime\/#primaryimage"},"thumbnailUrl":"https:\/\/i0.wp.com\/www.mercz.xyz\/wp-content\/uploads\/2015\/05\/P1020110.jpg?fit=1228%2C921&ssl=1","datePublished":"2015-06-04T10:38:47+00:00","dateModified":"2018-05-12T13:52:35+00:00","description":"Ein Foto von Killesberg Park im Fr\u00fchling. Es ist Fr\u00fchling in der Stadt Stuttgart, die Blumen bl\u00fchen, das Gras und die B\u00e4ume sind lebendig und gr\u00fcn und das Wasser k\u00fchlt und beruhigt.","breadcrumb":{"@id":"https:\/\/www.mercz.xyz\/gallery\/stuttgart\/ui\/killesberg-park-in-springtime\/#breadcrumb"},"inLanguage":"en-GB","potentialAction":[{"@type":"ReadAction","target":["https:\/\/www.mercz.xyz\/gallery\/stuttgart\/ui\/killesberg-park-in-springtime\/"]}]},{"@type":"ImageObject","inLanguage":"en-GB","@id":"https:\/\/www.mercz.xyz\/gallery\/stuttgart\/ui\/killesberg-park-in-springtime\/#primaryimage","url":"https:\/\/i0.wp.com\/www.mercz.xyz\/wp-content\/uploads\/2015\/05\/P1020110.jpg?fit=1228%2C921&ssl=1","contentUrl":"https:\/\/i0.wp.com\/www.mercz.xyz\/wp-content\/uploads\/2015\/05\/P1020110.jpg?fit=1228%2C921&ssl=1","width":1228,"height":921,"caption":"Killesberg Park Flowers"},{"@type":"BreadcrumbList","@id":"https:\/\/www.mercz.xyz\/gallery\/stuttgart\/ui\/killesberg-park-in-springtime\/#breadcrumb","itemListElement":[{"@type":"ListItem","position":1,"name":"Home","item":"https:\/\/www.mercz.xyz\/"},{"@type":"ListItem","position":2,"name":"Kategorie ausw\u00e4hlen","item":"https:\/\/www.mercz.xyz\/george-mercz-photography-galerie\/"},{"@type":"ListItem","position":3,"name":"Killesberg Park In Springtime"}]},{"@type":"WebSite","@id":"https:\/\/www.mercz.xyz\/#website","url":"https:\/\/www.mercz.xyz\/","name":"Mercz.Berlin","description":"George Mercz Photography","potentialAction":[{"@type":"SearchAction","target":{"@type":"EntryPoint","urlTemplate":"https:\/\/www.mercz.xyz\/?s={search_term_string}"},"query-input":{"@type":"PropertyValueSpecification","valueRequired":true,"valueName":"search_term_string"}}],"inLanguage":"en-GB"}]}},"jetpack_publicize_connections":[],"jetpack_sharing_enabled":true,"jetpack-related-posts":[],"_links":{"self":[{"href":"https:\/\/www.mercz.xyz\/en\/wp-json\/wp\/v2\/product\/3129","targetHints":{"allow":["GET"]}}],"collection":[{"href":"https:\/\/www.mercz.xyz\/en\/wp-json\/wp\/v2\/product"}],"about":[{"href":"https:\/\/www.mercz.xyz\/en\/wp-json\/wp\/v2\/types\/product"}],"replies":[{"embeddable":true,"href":"https:\/\/www.mercz.xyz\/en\/wp-json\/wp\/v2\/comments?post=3129"}],"wp:featuredmedia":[{"embeddable":true,"href":"https:\/\/www.mercz.xyz\/en\/wp-json\/wp\/v2\/media\/3032"}],"wp:attachment":[{"href":"https:\/\/www.mercz.xyz\/en\/wp-json\/wp\/v2\/media?parent=3129"}],"wp:term":[{"taxonomy":"product_brand","embeddable":true,"href":"https:\/\/www.mercz.xyz\/en\/wp-json\/wp\/v2\/product_brand?post=3129"},{"taxonomy":"product_cat","embeddable":true,"href":"https:\/\/www.mercz.xyz\/en\/wp-json\/wp\/v2\/product_cat?post=3129"},{"taxonomy":"product_tag","embeddable":true,"href":"https:\/\/www.mercz.xyz\/en\/wp-json\/wp\/v2\/product_tag?post=3129"}],"curies":[{"name":"wp","href":"https:\/\/api.w.org\/{rel}","templated":true}]}}