{"id":2636,"date":"2015-05-12T15:58:24","date_gmt":"2015-05-12T05:58:24","guid":{"rendered":"https:\/\/www.mercz.xyz\/?post_type=product&#038;p=2636"},"modified":"2018-05-12T14:10:49","modified_gmt":"2018-05-12T12:10:49","slug":"creating-image-serenity","status":"publish","type":"product","link":"https:\/\/www.mercz.xyz\/en\/gallery\/australian\/ui\/creating-image-serenity\/","title":{"rendered":"Creating An Image Of Serenity"},"content":{"rendered":"<p>Schaffen ein Bild der Ruhe, vier St\u00fchle in perfektem Einklang mit ihrer Umgebung. Diese Fotografie wurde in der australischen Stadt Brisbane aufgenommen und der blaue Himmel und wei\u00dfe Wolken Kompliment der blaue Pool, wei\u00dfe St\u00fchle und grau und wei\u00df der Stadt Architektur, um eine heitere Szene zu schaffen.<\/p>\n<p>The fine art print on premium photo paper is laminated from behind to a 4 mm thick acrylic glass plate. Our pictures are available in 4 sizes.<\/p>\n<p><!--more-->For unframed images, we recommend an <a href=\"https:\/\/www.mercz.xyz\/gallery\/uncategorised\/ui\/aluminium-suspension-system-aluminium-aufhangesystem\/\">Aluminium suspension System <\/a>.<\/p>\n<p><!--more--> We find acrylic glass improves our photos, but we will gladly provide on request the prices and sizes for other materials (such as canvas)<\/p>","protected":false},"excerpt":{"rendered":"<p>Vier St\u00fchle in perfektem Einklang mit ihrer Umgebung.<\/p>\n<p><strong>Please click on magnifying glass to view full image.<br \/>\n<\/strong><\/p>","protected":false},"featured_media":3593,"comment_status":"closed","ping_status":"closed","template":"","meta":{"jetpack_publicize_message":"","jetpack_publicize_feature_enabled":true,"jetpack_social_post_already_shared":true,"jetpack_social_options":{"image_generator_settings":{"template":"highway","default_image_id":0,"font":"","enabled":false},"version":2}},"product_brand":[],"product_cat":[16],"product_tag":[451,567,434,118,406,70,507,494,120,424,501,582,421,483],"class_list":{"0":"post-2636","1":"product","2":"type-product","3":"status-publish","4":"has-post-thumbnail","6":"product_cat-australian","7":"product_tag-architektur","8":"product_tag-australien","9":"product_tag-blau","10":"product_tag-brisbane","11":"product_tag-foto","12":"product_tag-george-mercz","13":"product_tag-grau","14":"product_tag-himmel","15":"product_tag-pool","16":"product_tag-stadt","17":"product_tag-stadtbild","18":"product_tag-stuehle","19":"product_tag-weiss","20":"product_tag-wolken","21":"product_shipping_class-shipping","23":"first","24":"instock","25":"taxable","26":"shipping-taxable","27":"purchasable","28":"product-type-variable"},"yoast_head":"<!-- This site is optimized with the Yoast SEO plugin v27.6 - https:\/\/yoast.com\/product\/yoast-seo-wordpress\/ -->\n<title>Creating An Image Of Serenity | George Mercz Fotografie<\/title>\n<meta name=\"description\" content=\"Schaffen ein Bild der Ruhe, vier St\u00fchle in perfektem Einklang mit ihrer Umgebung. Diese Fotografie wurde in der australischen Stadt Brisbane aufgenommen und der blaue Himmel und wei\u00dfe Wolken Kompliment der blaue Pool, wei\u00dfe St\u00fchle und grau und wei\u00df der Stadt Architektur, um eine heitere Szene zu schaffen.\" \/>\n<meta name=\"robots\" content=\"index, follow, max-snippet:-1, max-image-preview:large, max-video-preview:-1\" \/>\n<link rel=\"canonical\" href=\"https:\/\/www.mercz.xyz\/en\/gallery\/australian\/ui\/creating-image-serenity\/\" \/>\n<meta property=\"og:locale\" content=\"en_GB\" \/>\n<meta property=\"og:type\" content=\"article\" \/>\n<meta property=\"og:title\" content=\"Creating An Image Of Serenity | George Mercz Fotografie\" \/>\n<meta property=\"og:description\" content=\"Schaffen ein Bild der Ruhe, vier St\u00fchle in perfektem Einklang mit ihrer Umgebung. Diese Fotografie wurde in der australischen Stadt Brisbane aufgenommen und der blaue Himmel und wei\u00dfe Wolken Kompliment der blaue Pool, wei\u00dfe St\u00fchle und grau und wei\u00df der Stadt Architektur, um eine heitere Szene zu schaffen.\" \/>\n<meta property=\"og:url\" content=\"https:\/\/www.mercz.xyz\/en\/gallery\/australian\/ui\/creating-image-serenity\/\" \/>\n<meta property=\"og:site_name\" content=\"Mercz.Berlin\" \/>\n<meta property=\"article:publisher\" content=\"https:\/\/www.facebook.com\/gm321.xyz\" \/>\n<meta property=\"article:modified_time\" content=\"2018-05-12T12:10:49+00:00\" \/>\n<meta property=\"og:image\" content=\"https:\/\/i0.wp.com\/www.mercz.xyz\/wp-content\/uploads\/2015\/07\/Brisbane-Pool.jpg?fit=1228%2C819&ssl=1\" \/>\n\t<meta property=\"og:image:width\" content=\"1228\" \/>\n\t<meta property=\"og:image:height\" content=\"819\" \/>\n\t<meta property=\"og:image:type\" content=\"image\/jpeg\" \/>\n<meta name=\"twitter:label1\" content=\"Est. reading time\" \/>\n\t<meta name=\"twitter:data1\" content=\"1 minute\" \/>\n<script type=\"application\/ld+json\" class=\"yoast-schema-graph\">{\"@context\":\"https:\\\/\\\/schema.org\",\"@graph\":[{\"@type\":\"WebPage\",\"@id\":\"https:\\\/\\\/www.mercz.xyz\\\/gallery\\\/australian\\\/ui\\\/creating-image-serenity\\\/\",\"url\":\"https:\\\/\\\/www.mercz.xyz\\\/gallery\\\/australian\\\/ui\\\/creating-image-serenity\\\/\",\"name\":\"Creating An Image Of Serenity | George Mercz Fotografie\",\"isPartOf\":{\"@id\":\"https:\\\/\\\/www.mercz.xyz\\\/#website\"},\"primaryImageOfPage\":{\"@id\":\"https:\\\/\\\/www.mercz.xyz\\\/gallery\\\/australian\\\/ui\\\/creating-image-serenity\\\/#primaryimage\"},\"image\":{\"@id\":\"https:\\\/\\\/www.mercz.xyz\\\/gallery\\\/australian\\\/ui\\\/creating-image-serenity\\\/#primaryimage\"},\"thumbnailUrl\":\"https:\\\/\\\/i0.wp.com\\\/www.mercz.xyz\\\/wp-content\\\/uploads\\\/2015\\\/07\\\/Brisbane-Pool.jpg?fit=1228%2C819&ssl=1\",\"datePublished\":\"2015-05-12T05:58:24+00:00\",\"dateModified\":\"2018-05-12T12:10:49+00:00\",\"description\":\"Schaffen ein Bild der Ruhe, vier St\u00fchle in perfektem Einklang mit ihrer Umgebung. Diese Fotografie wurde in der australischen Stadt Brisbane aufgenommen und der blaue Himmel und wei\u00dfe Wolken Kompliment der blaue Pool, wei\u00dfe St\u00fchle und grau und wei\u00df der Stadt Architektur, um eine heitere Szene zu schaffen.\",\"breadcrumb\":{\"@id\":\"https:\\\/\\\/www.mercz.xyz\\\/gallery\\\/australian\\\/ui\\\/creating-image-serenity\\\/#breadcrumb\"},\"inLanguage\":\"en-GB\",\"potentialAction\":[{\"@type\":\"ReadAction\",\"target\":[\"https:\\\/\\\/www.mercz.xyz\\\/gallery\\\/australian\\\/ui\\\/creating-image-serenity\\\/\"]}]},{\"@type\":\"ImageObject\",\"inLanguage\":\"en-GB\",\"@id\":\"https:\\\/\\\/www.mercz.xyz\\\/gallery\\\/australian\\\/ui\\\/creating-image-serenity\\\/#primaryimage\",\"url\":\"https:\\\/\\\/i0.wp.com\\\/www.mercz.xyz\\\/wp-content\\\/uploads\\\/2015\\\/07\\\/Brisbane-Pool.jpg?fit=1228%2C819&ssl=1\",\"contentUrl\":\"https:\\\/\\\/i0.wp.com\\\/www.mercz.xyz\\\/wp-content\\\/uploads\\\/2015\\\/07\\\/Brisbane-Pool.jpg?fit=1228%2C819&ssl=1\",\"width\":1228,\"height\":819,\"caption\":\"Four chairs in perfect unison with their surroundings\"},{\"@type\":\"BreadcrumbList\",\"@id\":\"https:\\\/\\\/www.mercz.xyz\\\/gallery\\\/australian\\\/ui\\\/creating-image-serenity\\\/#breadcrumb\",\"itemListElement\":[{\"@type\":\"ListItem\",\"position\":1,\"name\":\"Home\",\"item\":\"https:\\\/\\\/www.mercz.xyz\\\/\"},{\"@type\":\"ListItem\",\"position\":2,\"name\":\"Kategorie ausw\u00e4hlen\",\"item\":\"https:\\\/\\\/www.mercz.xyz\\\/george-mercz-photography-galerie\\\/\"},{\"@type\":\"ListItem\",\"position\":3,\"name\":\"Creating An Image Of Serenity\"}]},{\"@type\":\"WebSite\",\"@id\":\"https:\\\/\\\/www.mercz.xyz\\\/#website\",\"url\":\"https:\\\/\\\/www.mercz.xyz\\\/\",\"name\":\"Mercz.Berlin\",\"description\":\"George Mercz Fotografie\",\"potentialAction\":[{\"@type\":\"SearchAction\",\"target\":{\"@type\":\"EntryPoint\",\"urlTemplate\":\"https:\\\/\\\/www.mercz.xyz\\\/?s={search_term_string}\"},\"query-input\":{\"@type\":\"PropertyValueSpecification\",\"valueRequired\":true,\"valueName\":\"search_term_string\"}}],\"inLanguage\":\"en-GB\"}]}<\/script>\n<!-- \/ Yoast SEO plugin. -->","yoast_head_json":{"title":"Creating An Image Of Serenity | George Mercz Fotografie","description":"Schaffen ein Bild der Ruhe, vier St\u00fchle in perfektem Einklang mit ihrer Umgebung. Diese Fotografie wurde in der australischen Stadt Brisbane aufgenommen und der blaue Himmel und wei\u00dfe Wolken Kompliment der blaue Pool, wei\u00dfe St\u00fchle und grau und wei\u00df der Stadt Architektur, um eine heitere Szene zu schaffen.","robots":{"index":"index","follow":"follow","max-snippet":"max-snippet:-1","max-image-preview":"max-image-preview:large","max-video-preview":"max-video-preview:-1"},"canonical":"https:\/\/www.mercz.xyz\/en\/gallery\/australian\/ui\/creating-image-serenity\/","og_locale":"en_GB","og_type":"article","og_title":"Creating An Image Of Serenity | George Mercz Fotografie","og_description":"Schaffen ein Bild der Ruhe, vier St\u00fchle in perfektem Einklang mit ihrer Umgebung. Diese Fotografie wurde in der australischen Stadt Brisbane aufgenommen und der blaue Himmel und wei\u00dfe Wolken Kompliment der blaue Pool, wei\u00dfe St\u00fchle und grau und wei\u00df der Stadt Architektur, um eine heitere Szene zu schaffen.","og_url":"https:\/\/www.mercz.xyz\/en\/gallery\/australian\/ui\/creating-image-serenity\/","og_site_name":"Mercz.Berlin","article_publisher":"https:\/\/www.facebook.com\/gm321.xyz","article_modified_time":"2018-05-12T12:10:49+00:00","og_image":[{"width":1228,"height":819,"url":"https:\/\/i0.wp.com\/www.mercz.xyz\/wp-content\/uploads\/2015\/07\/Brisbane-Pool.jpg?fit=1228%2C819&ssl=1","type":"image\/jpeg"}],"twitter_misc":{"Est. reading time":"1 minute"},"schema":{"@context":"https:\/\/schema.org","@graph":[{"@type":"WebPage","@id":"https:\/\/www.mercz.xyz\/gallery\/australian\/ui\/creating-image-serenity\/","url":"https:\/\/www.mercz.xyz\/gallery\/australian\/ui\/creating-image-serenity\/","name":"Creating An Image Of Serenity | George Mercz Fotografie","isPartOf":{"@id":"https:\/\/www.mercz.xyz\/#website"},"primaryImageOfPage":{"@id":"https:\/\/www.mercz.xyz\/gallery\/australian\/ui\/creating-image-serenity\/#primaryimage"},"image":{"@id":"https:\/\/www.mercz.xyz\/gallery\/australian\/ui\/creating-image-serenity\/#primaryimage"},"thumbnailUrl":"https:\/\/i0.wp.com\/www.mercz.xyz\/wp-content\/uploads\/2015\/07\/Brisbane-Pool.jpg?fit=1228%2C819&ssl=1","datePublished":"2015-05-12T05:58:24+00:00","dateModified":"2018-05-12T12:10:49+00:00","description":"Schaffen ein Bild der Ruhe, vier St\u00fchle in perfektem Einklang mit ihrer Umgebung. Diese Fotografie wurde in der australischen Stadt Brisbane aufgenommen und der blaue Himmel und wei\u00dfe Wolken Kompliment der blaue Pool, wei\u00dfe St\u00fchle und grau und wei\u00df der Stadt Architektur, um eine heitere Szene zu schaffen.","breadcrumb":{"@id":"https:\/\/www.mercz.xyz\/gallery\/australian\/ui\/creating-image-serenity\/#breadcrumb"},"inLanguage":"en-GB","potentialAction":[{"@type":"ReadAction","target":["https:\/\/www.mercz.xyz\/gallery\/australian\/ui\/creating-image-serenity\/"]}]},{"@type":"ImageObject","inLanguage":"en-GB","@id":"https:\/\/www.mercz.xyz\/gallery\/australian\/ui\/creating-image-serenity\/#primaryimage","url":"https:\/\/i0.wp.com\/www.mercz.xyz\/wp-content\/uploads\/2015\/07\/Brisbane-Pool.jpg?fit=1228%2C819&ssl=1","contentUrl":"https:\/\/i0.wp.com\/www.mercz.xyz\/wp-content\/uploads\/2015\/07\/Brisbane-Pool.jpg?fit=1228%2C819&ssl=1","width":1228,"height":819,"caption":"Four chairs in perfect unison with their surroundings"},{"@type":"BreadcrumbList","@id":"https:\/\/www.mercz.xyz\/gallery\/australian\/ui\/creating-image-serenity\/#breadcrumb","itemListElement":[{"@type":"ListItem","position":1,"name":"Home","item":"https:\/\/www.mercz.xyz\/"},{"@type":"ListItem","position":2,"name":"Kategorie ausw\u00e4hlen","item":"https:\/\/www.mercz.xyz\/george-mercz-photography-galerie\/"},{"@type":"ListItem","position":3,"name":"Creating An Image Of Serenity"}]},{"@type":"WebSite","@id":"https:\/\/www.mercz.xyz\/#website","url":"https:\/\/www.mercz.xyz\/","name":"Mercz.Berlin","description":"George Mercz Photography","potentialAction":[{"@type":"SearchAction","target":{"@type":"EntryPoint","urlTemplate":"https:\/\/www.mercz.xyz\/?s={search_term_string}"},"query-input":{"@type":"PropertyValueSpecification","valueRequired":true,"valueName":"search_term_string"}}],"inLanguage":"en-GB"}]}},"jetpack_publicize_connections":[],"jetpack_sharing_enabled":true,"jetpack-related-posts":[],"_links":{"self":[{"href":"https:\/\/www.mercz.xyz\/en\/wp-json\/wp\/v2\/product\/2636","targetHints":{"allow":["GET"]}}],"collection":[{"href":"https:\/\/www.mercz.xyz\/en\/wp-json\/wp\/v2\/product"}],"about":[{"href":"https:\/\/www.mercz.xyz\/en\/wp-json\/wp\/v2\/types\/product"}],"replies":[{"embeddable":true,"href":"https:\/\/www.mercz.xyz\/en\/wp-json\/wp\/v2\/comments?post=2636"}],"wp:featuredmedia":[{"embeddable":true,"href":"https:\/\/www.mercz.xyz\/en\/wp-json\/wp\/v2\/media\/3593"}],"wp:attachment":[{"href":"https:\/\/www.mercz.xyz\/en\/wp-json\/wp\/v2\/media?parent=2636"}],"wp:term":[{"taxonomy":"product_brand","embeddable":true,"href":"https:\/\/www.mercz.xyz\/en\/wp-json\/wp\/v2\/product_brand?post=2636"},{"taxonomy":"product_cat","embeddable":true,"href":"https:\/\/www.mercz.xyz\/en\/wp-json\/wp\/v2\/product_cat?post=2636"},{"taxonomy":"product_tag","embeddable":true,"href":"https:\/\/www.mercz.xyz\/en\/wp-json\/wp\/v2\/product_tag?post=2636"}],"curies":[{"name":"wp","href":"https:\/\/api.w.org\/{rel}","templated":true}]}}