{"id":2420,"date":"2015-05-11T18:08:25","date_gmt":"2015-05-11T08:08:25","guid":{"rendered":"https:\/\/www.mercz.xyz\/?post_type=product&#038;p=2420"},"modified":"2018-05-12T16:24:39","modified_gmt":"2018-05-12T14:24:39","slug":"wurttemberg-hill","status":"publish","type":"product","link":"https:\/\/www.mercz.xyz\/en\/gallery\/stuttgart\/ui\/wurttemberg-hill\/","title":{"rendered":"W\u00fcrttemberg Hill"},"content":{"rendered":"<p>Der w\u00fcrttembergische H\u00fcgel \u00fcberblickt die Stadt Stuttgart.<\/p>\n<p>The fine art print on premium photo paper is laminated from behind to a 4 mm thick acrylic glass plate. Our pictures are available in 4 sizes.<\/p>\n<p><!--more-->For unframed images, we recommend an <a href=\"https:\/\/www.mercz.xyz\/gallery\/uncategorised\/ui\/aluminium-suspension-system-aluminium-aufhangesystem\/\">Aluminium suspension System <\/a>.<\/p>\n<p><!--more--> We find acrylic glass improves our photos, but we will gladly provide on request the prices and sizes for other materials (such as canvas)<\/p>","protected":false},"excerpt":{"rendered":"<p>Der w\u00fcrttembergische H\u00fcgel \u00fcberblickt die Stadt Stuttgart.<\/p>\n<p><strong>Please click on magnifying glass to view full image.<br \/>\n<\/strong><\/p>","protected":false},"featured_media":2288,"comment_status":"closed","ping_status":"closed","template":"","meta":{"jetpack_publicize_message":"","jetpack_publicize_feature_enabled":true,"jetpack_social_post_already_shared":true,"jetpack_social_options":{"image_generator_settings":{"template":"highway","default_image_id":0,"font":"","enabled":false},"version":2}},"product_brand":[],"product_cat":[15],"product_tag":[70],"class_list":{"0":"post-2420","1":"product","2":"type-product","3":"status-publish","4":"has-post-thumbnail","6":"product_cat-stuttgart","7":"product_tag-george-mercz","8":"product_shipping_class-shipping","10":"first","11":"instock","12":"taxable","13":"shipping-taxable","14":"purchasable","15":"product-type-variable"},"yoast_head":"<!-- This site is optimized with the Yoast SEO plugin v27.5 - https:\/\/yoast.com\/product\/yoast-seo-wordpress\/ -->\n<title>W\u00fcrttemberg Hill | George Mercz Fotografie<\/title>\n<meta name=\"description\" content=\"Der w\u00fcrttembergische H\u00fcgel \u00fcberblickt die Stadt Stuttgart.\" \/>\n<meta name=\"robots\" content=\"index, follow, max-snippet:-1, max-image-preview:large, max-video-preview:-1\" \/>\n<link rel=\"canonical\" href=\"https:\/\/www.mercz.xyz\/en\/gallery\/stuttgart\/ui\/wurttemberg-hill\/\" \/>\n<meta property=\"og:locale\" content=\"en_GB\" \/>\n<meta property=\"og:type\" content=\"article\" \/>\n<meta property=\"og:title\" content=\"W\u00fcrttemberg Hill | George Mercz Fotografie\" \/>\n<meta property=\"og:description\" content=\"Der w\u00fcrttembergische H\u00fcgel \u00fcberblickt die Stadt Stuttgart.\" \/>\n<meta property=\"og:url\" content=\"https:\/\/www.mercz.xyz\/en\/gallery\/stuttgart\/ui\/wurttemberg-hill\/\" \/>\n<meta property=\"og:site_name\" content=\"Mercz.Berlin\" \/>\n<meta property=\"article:publisher\" content=\"https:\/\/www.facebook.com\/gm321.xyz\" \/>\n<meta property=\"article:modified_time\" content=\"2018-05-12T14:24:39+00:00\" \/>\n<meta property=\"og:image\" content=\"https:\/\/i1.wp.com\/www.mercz.xyz\/wp-content\/uploads\/2015\/05\/Mausoleum2-32.jpg?fit=1228%2C818&ssl=1\" \/>\n\t<meta property=\"og:image:width\" content=\"1228\" \/>\n\t<meta property=\"og:image:height\" content=\"818\" \/>\n\t<meta property=\"og:image:type\" content=\"image\/jpeg\" \/>\n<script type=\"application\/ld+json\" class=\"yoast-schema-graph\">{\"@context\":\"https:\\\/\\\/schema.org\",\"@graph\":[{\"@type\":\"WebPage\",\"@id\":\"https:\\\/\\\/www.mercz.xyz\\\/gallery\\\/stuttgart\\\/ui\\\/wurttemberg-hill\\\/\",\"url\":\"https:\\\/\\\/www.mercz.xyz\\\/gallery\\\/stuttgart\\\/ui\\\/wurttemberg-hill\\\/\",\"name\":\"W\u00fcrttemberg Hill | George Mercz Fotografie\",\"isPartOf\":{\"@id\":\"https:\\\/\\\/www.mercz.xyz\\\/#website\"},\"primaryImageOfPage\":{\"@id\":\"https:\\\/\\\/www.mercz.xyz\\\/gallery\\\/stuttgart\\\/ui\\\/wurttemberg-hill\\\/#primaryimage\"},\"image\":{\"@id\":\"https:\\\/\\\/www.mercz.xyz\\\/gallery\\\/stuttgart\\\/ui\\\/wurttemberg-hill\\\/#primaryimage\"},\"thumbnailUrl\":\"https:\\\/\\\/i0.wp.com\\\/www.mercz.xyz\\\/wp-content\\\/uploads\\\/2015\\\/05\\\/Mausoleum2-32.jpg?fit=1228%2C818&ssl=1\",\"datePublished\":\"2015-05-11T08:08:25+00:00\",\"dateModified\":\"2018-05-12T14:24:39+00:00\",\"description\":\"Der w\u00fcrttembergische H\u00fcgel \u00fcberblickt die Stadt Stuttgart.\",\"breadcrumb\":{\"@id\":\"https:\\\/\\\/www.mercz.xyz\\\/gallery\\\/stuttgart\\\/ui\\\/wurttemberg-hill\\\/#breadcrumb\"},\"inLanguage\":\"en-GB\",\"potentialAction\":[{\"@type\":\"ReadAction\",\"target\":[\"https:\\\/\\\/www.mercz.xyz\\\/gallery\\\/stuttgart\\\/ui\\\/wurttemberg-hill\\\/\"]}]},{\"@type\":\"ImageObject\",\"inLanguage\":\"en-GB\",\"@id\":\"https:\\\/\\\/www.mercz.xyz\\\/gallery\\\/stuttgart\\\/ui\\\/wurttemberg-hill\\\/#primaryimage\",\"url\":\"https:\\\/\\\/i0.wp.com\\\/www.mercz.xyz\\\/wp-content\\\/uploads\\\/2015\\\/05\\\/Mausoleum2-32.jpg?fit=1228%2C818&ssl=1\",\"contentUrl\":\"https:\\\/\\\/i0.wp.com\\\/www.mercz.xyz\\\/wp-content\\\/uploads\\\/2015\\\/05\\\/Mausoleum2-32.jpg?fit=1228%2C818&ssl=1\",\"width\":1228,\"height\":818,\"caption\":\"W\u00fcrttemberg hill overlooks the city of Stuttgart\"},{\"@type\":\"BreadcrumbList\",\"@id\":\"https:\\\/\\\/www.mercz.xyz\\\/gallery\\\/stuttgart\\\/ui\\\/wurttemberg-hill\\\/#breadcrumb\",\"itemListElement\":[{\"@type\":\"ListItem\",\"position\":1,\"name\":\"Home\",\"item\":\"https:\\\/\\\/www.mercz.xyz\\\/\"},{\"@type\":\"ListItem\",\"position\":2,\"name\":\"Kategorie ausw\u00e4hlen\",\"item\":\"https:\\\/\\\/www.mercz.xyz\\\/george-mercz-photography-galerie\\\/\"},{\"@type\":\"ListItem\",\"position\":3,\"name\":\"W\u00fcrttemberg Hill\"}]},{\"@type\":\"WebSite\",\"@id\":\"https:\\\/\\\/www.mercz.xyz\\\/#website\",\"url\":\"https:\\\/\\\/www.mercz.xyz\\\/\",\"name\":\"Mercz.Berlin\",\"description\":\"George Mercz Fotografie\",\"potentialAction\":[{\"@type\":\"SearchAction\",\"target\":{\"@type\":\"EntryPoint\",\"urlTemplate\":\"https:\\\/\\\/www.mercz.xyz\\\/?s={search_term_string}\"},\"query-input\":{\"@type\":\"PropertyValueSpecification\",\"valueRequired\":true,\"valueName\":\"search_term_string\"}}],\"inLanguage\":\"en-GB\"}]}<\/script>\n<!-- \/ Yoast SEO plugin. -->","yoast_head_json":{"title":"W\u00fcrttemberg Hill | George Mercz Fotografie","description":"Der w\u00fcrttembergische H\u00fcgel \u00fcberblickt die Stadt Stuttgart.","robots":{"index":"index","follow":"follow","max-snippet":"max-snippet:-1","max-image-preview":"max-image-preview:large","max-video-preview":"max-video-preview:-1"},"canonical":"https:\/\/www.mercz.xyz\/en\/gallery\/stuttgart\/ui\/wurttemberg-hill\/","og_locale":"en_GB","og_type":"article","og_title":"W\u00fcrttemberg Hill | George Mercz Fotografie","og_description":"Der w\u00fcrttembergische H\u00fcgel \u00fcberblickt die Stadt Stuttgart.","og_url":"https:\/\/www.mercz.xyz\/en\/gallery\/stuttgart\/ui\/wurttemberg-hill\/","og_site_name":"Mercz.Berlin","article_publisher":"https:\/\/www.facebook.com\/gm321.xyz","article_modified_time":"2018-05-12T14:24:39+00:00","og_image":[{"width":1228,"height":818,"url":"https:\/\/i1.wp.com\/www.mercz.xyz\/wp-content\/uploads\/2015\/05\/Mausoleum2-32.jpg?fit=1228%2C818&ssl=1","type":"image\/jpeg"}],"schema":{"@context":"https:\/\/schema.org","@graph":[{"@type":"WebPage","@id":"https:\/\/www.mercz.xyz\/gallery\/stuttgart\/ui\/wurttemberg-hill\/","url":"https:\/\/www.mercz.xyz\/gallery\/stuttgart\/ui\/wurttemberg-hill\/","name":"W\u00fcrttemberg Hill | George Mercz Fotografie","isPartOf":{"@id":"https:\/\/www.mercz.xyz\/#website"},"primaryImageOfPage":{"@id":"https:\/\/www.mercz.xyz\/gallery\/stuttgart\/ui\/wurttemberg-hill\/#primaryimage"},"image":{"@id":"https:\/\/www.mercz.xyz\/gallery\/stuttgart\/ui\/wurttemberg-hill\/#primaryimage"},"thumbnailUrl":"https:\/\/i0.wp.com\/www.mercz.xyz\/wp-content\/uploads\/2015\/05\/Mausoleum2-32.jpg?fit=1228%2C818&ssl=1","datePublished":"2015-05-11T08:08:25+00:00","dateModified":"2018-05-12T14:24:39+00:00","description":"Der w\u00fcrttembergische H\u00fcgel \u00fcberblickt die Stadt Stuttgart.","breadcrumb":{"@id":"https:\/\/www.mercz.xyz\/gallery\/stuttgart\/ui\/wurttemberg-hill\/#breadcrumb"},"inLanguage":"en-GB","potentialAction":[{"@type":"ReadAction","target":["https:\/\/www.mercz.xyz\/gallery\/stuttgart\/ui\/wurttemberg-hill\/"]}]},{"@type":"ImageObject","inLanguage":"en-GB","@id":"https:\/\/www.mercz.xyz\/gallery\/stuttgart\/ui\/wurttemberg-hill\/#primaryimage","url":"https:\/\/i0.wp.com\/www.mercz.xyz\/wp-content\/uploads\/2015\/05\/Mausoleum2-32.jpg?fit=1228%2C818&ssl=1","contentUrl":"https:\/\/i0.wp.com\/www.mercz.xyz\/wp-content\/uploads\/2015\/05\/Mausoleum2-32.jpg?fit=1228%2C818&ssl=1","width":1228,"height":818,"caption":"W\u00fcrttemberg hill overlooks the city of Stuttgart"},{"@type":"BreadcrumbList","@id":"https:\/\/www.mercz.xyz\/gallery\/stuttgart\/ui\/wurttemberg-hill\/#breadcrumb","itemListElement":[{"@type":"ListItem","position":1,"name":"Home","item":"https:\/\/www.mercz.xyz\/"},{"@type":"ListItem","position":2,"name":"Kategorie ausw\u00e4hlen","item":"https:\/\/www.mercz.xyz\/george-mercz-photography-galerie\/"},{"@type":"ListItem","position":3,"name":"W\u00fcrttemberg Hill"}]},{"@type":"WebSite","@id":"https:\/\/www.mercz.xyz\/#website","url":"https:\/\/www.mercz.xyz\/","name":"Mercz.Berlin","description":"George Mercz Photography","potentialAction":[{"@type":"SearchAction","target":{"@type":"EntryPoint","urlTemplate":"https:\/\/www.mercz.xyz\/?s={search_term_string}"},"query-input":{"@type":"PropertyValueSpecification","valueRequired":true,"valueName":"search_term_string"}}],"inLanguage":"en-GB"}]}},"jetpack_publicize_connections":[],"jetpack_sharing_enabled":true,"jetpack-related-posts":[],"_links":{"self":[{"href":"https:\/\/www.mercz.xyz\/en\/wp-json\/wp\/v2\/product\/2420","targetHints":{"allow":["GET"]}}],"collection":[{"href":"https:\/\/www.mercz.xyz\/en\/wp-json\/wp\/v2\/product"}],"about":[{"href":"https:\/\/www.mercz.xyz\/en\/wp-json\/wp\/v2\/types\/product"}],"replies":[{"embeddable":true,"href":"https:\/\/www.mercz.xyz\/en\/wp-json\/wp\/v2\/comments?post=2420"}],"wp:featuredmedia":[{"embeddable":true,"href":"https:\/\/www.mercz.xyz\/en\/wp-json\/wp\/v2\/media\/2288"}],"wp:attachment":[{"href":"https:\/\/www.mercz.xyz\/en\/wp-json\/wp\/v2\/media?parent=2420"}],"wp:term":[{"taxonomy":"product_brand","embeddable":true,"href":"https:\/\/www.mercz.xyz\/en\/wp-json\/wp\/v2\/product_brand?post=2420"},{"taxonomy":"product_cat","embeddable":true,"href":"https:\/\/www.mercz.xyz\/en\/wp-json\/wp\/v2\/product_cat?post=2420"},{"taxonomy":"product_tag","embeddable":true,"href":"https:\/\/www.mercz.xyz\/en\/wp-json\/wp\/v2\/product_tag?post=2420"}],"curies":[{"name":"wp","href":"https:\/\/api.w.org\/{rel}","templated":true}]}}